{"id":726,"date":"2021-03-26T09:53:55","date_gmt":"2021-03-26T09:53:55","guid":{"rendered":"https:\/\/universecall.eu\/privatumo-politika\/"},"modified":"2021-04-27T05:57:43","modified_gmt":"2021-04-27T05:57:43","slug":"privatumo-politika","status":"publish","type":"page","link":"https:\/\/universecall.eu\/en\/privatumo-politika\/","title":{"rendered":"Privatumo politika"},"content":{"rendered":"\t\t<div data-elementor-type=\"wp-page\" data-elementor-id=\"726\" class=\"elementor elementor-726 elementor-3\" data-elementor-settings=\"[]\">\n\t\t\t\t\t\t<div class=\"elementor-inner\">\n\t\t\t\t\t\t\t<div class=\"elementor-section-wrap\">\n\t\t\t\t\t\t\t<section class=\"elementor-section elementor-top-section elementor-element elementor-element-0e5953f elementor-section-boxed elementor-section-height-default elementor-section-height-default\" data-id=\"0e5953f\" data-element_type=\"section\" data-settings=\"{&quot;background_background&quot;:&quot;classic&quot;}\">\n\t\t\t\t\t\t<div class=\"elementor-container elementor-column-gap-default\">\n\t\t\t\t\t\t\t<div class=\"elementor-row\">\n\t\t\t\t\t<div class=\"elementor-column elementor-col-100 elementor-top-column elementor-element elementor-element-bdaa0f5\" data-id=\"bdaa0f5\" data-element_type=\"column\">\n\t\t\t<div class=\"elementor-column-wrap elementor-element-populated\">\n\t\t\t\t\t\t\t<div class=\"elementor-widget-wrap\">\n\t\t\t\t\t\t<div class=\"elementor-element elementor-element-3cb6231 elementor-widget elementor-widget-heading\" data-id=\"3cb6231\" data-element_type=\"widget\" data-widget_type=\"heading.default\">\n\t\t\t\t<div class=\"elementor-widget-container\">\n\t\t\t<h2 class=\"elementor-heading-title elementor-size-default\">Privacy policy<\/h2>\t\t<\/div>\n\t\t\t\t<\/div>\n\t\t\t\t\t\t<\/div>\n\t\t\t\t\t<\/div>\n\t\t<\/div>\n\t\t\t\t\t\t\t\t<\/div>\n\t\t\t\t\t<\/div>\n\t\t<\/section>\n\t\t\t\t<section class=\"elementor-section elementor-top-section elementor-element elementor-element-2d762bf3 elementor-section-boxed elementor-section-height-default elementor-section-height-default\" data-id=\"2d762bf3\" data-element_type=\"section\">\n\t\t\t\t\t\t<div class=\"elementor-container elementor-column-gap-default\">\n\t\t\t\t\t\t\t<div class=\"elementor-row\">\n\t\t\t\t\t<div class=\"elementor-column elementor-col-100 elementor-top-column elementor-element elementor-element-25701d64\" data-id=\"25701d64\" data-element_type=\"column\">\n\t\t\t<div class=\"elementor-column-wrap elementor-element-populated\">\n\t\t\t\t\t\t\t<div class=\"elementor-widget-wrap\">\n\t\t\t\t\t\t<div class=\"elementor-element elementor-element-43c2eb87 elementor-widget elementor-widget-text-editor\" data-id=\"43c2eb87\" data-element_type=\"widget\" data-widget_type=\"text-editor.default\">\n\t\t\t\t<div class=\"elementor-widget-container\">\n\t\t\t\t\t\t\t\t<div class=\"elementor-text-editor elementor-clearfix\">\n\t\t\t\t\t<p><strong>Introduction<\/strong><\/p><p>These Website Standard Terms And Conditions (these \u201cTerms\u201d or these \u201cWebsite Standard Terms And Conditions\u201d) contained herein on this webpage, shall govern your use of MB \u201eUniverse Call\u201c, including all pages within MB \u201eUniverse Call\u201c (collectively referred to herein below as this \u201cWebsite\u201d). These Terms apply in full force and effect to your use of MB \u201eUniverse Call\u201c and by using MB \u201eUniverse Call\u201c\u00a0 you expressly accept all terms and conditions contained herein in full. You must not use MB \u201eUniverse Call\u201c, if you have any objection to any of these Website Standard Terms And Conditions. MB \u201eUniverse Call\u201c is not for use by any minors (defined as those who are not at least 18 years of age), and you must not use MB \u201eUniverse Call\u201c if you a minor.<\/p><p><strong>Intellectual Property Rights<\/strong><\/p><p>Other than content you own, which you may have opted to include on MB \u201eUniverse Call\u201c, under these Terms, [Sender.Company] and\/or its licensors own all rights to the intellectual property and material contained in MB \u201eUniverse Call\u201c, and all such rights are reserved. You are granted a limited license only, subject to the restrictions provided in these Terms, for purposes of viewing the material contained on MB \u201eUniverse Call\u201c.<\/p><p><strong>Restrictions<\/strong><\/p><p>You are expressly and emphatically restricted from all of the following:<br \/>publishing any Website material in any media;<br \/>selling, sublicensing and\/or otherwise commercializing any Website material;<br \/>publicly performing and\/or showing any Website material;<br \/>using MB \u201eUniverse Call\u201c in any way that is, or may be, damaging to MB \u201eUniverse Call\u201c;<br \/>usingMB \u201eUniverse Call\u201c in any way that impacts user access to MB \u201eUniverse Call\u201c;<br \/>using MB \u201eUniverse Call\u201c contrary to applicable laws and regulations, or in a way that causes, or may cause, harm to the Website, or to any person or business entity;<br \/>engaging in any data mining, data harvesting, data extracting or any other similar activity in relation to MB \u201eUniverse Call\u201c, or while using MB \u201eUniverse Call\u201c;<br \/>using MB \u201eUniverse Call\u201c to engage in any advertising or marketing;<br \/>Certain areas of MB \u201eUniverse Call\u201c are restricted from access by you and [Sender.Company] may further restrict access by you to any areas of MB \u201eUniverse Call\u201c, at any time, in its sole and absolute discretion. Any user ID and password you may have for MB \u201eUniverse Call\u201c are confidential and you must maintain confidentiality of such information.<\/p><p><strong>Your Content<\/strong><\/p><p>In these Website Standard Terms And Conditions, \u201cYour Content\u201d shall mean any audio, video, text, images or other material you choose to display on MB \u201eUniverse Call\u201c. With respect to Your Content, by displaying it, you grant [Sender.Company] a non-exclusive, worldwide, irrevocable, royalty-free, sublicensable license to use, reproduce, adapt, publish, translate and distribute it in any and all media. Your Content must be your own and must not be infringing on any third party\u2019s rights. [Sender.Company] reserves the right to remove any of Your Content from MB \u201eUniverse Call\u201c at any time, and for any reason, without notice.<\/p><p><strong>No warranties<\/strong><\/p><p>MB \u201eUniverse Call\u201c is provided \u201cas is,\u201d with all faults, and [Sender.Company] makes no express or implied representations or warranties, of any kind related to MB \u201eUniverse Call\u201c or the materials contained on MB \u201eUniverse Call\u201c. Additionally, nothing contained on MB \u201eUniverse Call\u201c shall be construed as providing consult or advice to you.<\/p><p><strong>Limitation of liability<\/strong><\/p><p>In no event shall [Sender.Company] , nor any of its officers, directors and employees, be liable to you for anything arising out of or in any way connected with your use of MB \u201eUniverse Call\u201c, whether such liability is under contract, tort or otherwise, and [Sender.Company] , including its officers, directors and employees shall not be liable for any indirect, consequential or special liability arising out of or in any way related to your use of MB \u201eUniverse Call\u201c.<\/p><p><strong>Indemnification<\/strong><\/p><p>You hereby indemnify to the fullest extent [Sender.Company] from and against any and all liabilities, costs, demands, causes of action, damages and expenses (including reasonable attorney\u2019s fees) arising out of or in any way related to your breach of any of the provisions of these Terms.<\/p><p><strong>Severability<\/strong><\/p><p>If any provision of these Terms is found to be unenforceable or invalid under any applicable law, such unenforceability or invalidity shall not render these Terms unenforceable or invalid as a whole, and such provisions shall be deleted without affecting the remaining provisions herein.<\/p><p><strong>Variation of Terms<\/strong><\/p><p>[Sender.Company] is permitted to revise these Terms at any time as it sees fit, and by using MB \u201eUniverse Call\u201c you are expected to review such Terms on a regular basis to ensure you understand all terms and conditions governing use of MB \u201eUniverse Call\u201c.<\/p><p><strong>Assignment<\/strong><\/p><p>[Sender.Company] shall be permitted to assign, transfer, and subcontract its rights and\/or obligations under these Terms without any notification or consent required. However, .you shall not be permitted to assign, transfer, or subcontract any of your rights and\/or obligations under these Terms.<\/p><p><strong>Entire Agreement<\/strong><\/p><p>These Terms, including any legal notices and disclaimers contained on MB \u201eUniverse Call\u201c, constitute the entire agreement between [Sender.Company] and you in relation to your use of MB \u201eUniverse Call\u201c, and supersede all prior agreements and understandings with respect to the same.<\/p><p><strong>Governing Law &amp; Jurisdiction<\/strong><\/p><p>These Terms will be governed by and construed in accordance with the laws of the State of [State], and you submit to the non-exclusive jurisdiction of the state and federal courts located in [State] for the resolution of any disputes.<\/p>\t\t\t\t\t<\/div>\n\t\t\t\t\t\t<\/div>\n\t\t\t\t<\/div>\n\t\t\t\t\t\t<\/div>\n\t\t\t\t\t<\/div>\n\t\t<\/div>\n\t\t\t\t\t\t\t\t<\/div>\n\t\t\t\t\t<\/div>\n\t\t<\/section>\n\t\t\t\t\t\t<\/div>\n\t\t\t\t\t\t<\/div>\n\t\t\t\t\t<\/div>\n\t\t","protected":false},"excerpt":{"rendered":"<p>Privacy policy Introduction These Website Standard Terms And Conditions (these \u201cTerms\u201d or these \u201cWebsite Standard Terms And Conditions\u201d) contained herein on this webpage, shall govern your use of MB \u201eUniverse Call\u201c, including all pages within MB \u201eUniverse Call\u201c (collectively referred to herein below as this \u201cWebsite\u201d). These Terms apply in full force and effect to [&hellip;]<\/p>\n","protected":false},"author":1,"featured_media":0,"parent":0,"menu_order":0,"comment_status":"closed","ping_status":"open","template":"elementor_header_footer","meta":{"ocean_post_layout":"","ocean_both_sidebars_style":"","ocean_both_sidebars_content_width":0,"ocean_both_sidebars_sidebars_width":0,"ocean_sidebar":"0","ocean_second_sidebar":"0","ocean_disable_margins":"enable","ocean_add_body_class":"","ocean_shortcode_before_top_bar":"","ocean_shortcode_after_top_bar":"","ocean_shortcode_before_header":"","ocean_shortcode_after_header":"","ocean_has_shortcode":"","ocean_shortcode_after_title":"","ocean_shortcode_before_footer_widgets":"","ocean_shortcode_after_footer_widgets":"","ocean_shortcode_before_footer_bottom":"","ocean_shortcode_after_footer_bottom":"","ocean_display_top_bar":"default","ocean_display_header":"default","ocean_header_style":"","ocean_center_header_left_menu":"0","ocean_custom_header_template":"0","ocean_custom_logo":0,"ocean_custom_retina_logo":0,"ocean_custom_logo_max_width":0,"ocean_custom_logo_tablet_max_width":0,"ocean_custom_logo_mobile_max_width":0,"ocean_custom_logo_max_height":0,"ocean_custom_logo_tablet_max_height":0,"ocean_custom_logo_mobile_max_height":0,"ocean_header_custom_menu":"0","ocean_menu_typo_font_family":"0","ocean_menu_typo_font_subset":"","ocean_menu_typo_font_size":0,"ocean_menu_typo_font_size_tablet":0,"ocean_menu_typo_font_size_mobile":0,"ocean_menu_typo_font_size_unit":"px","ocean_menu_typo_font_weight":"","ocean_menu_typo_font_weight_tablet":"","ocean_menu_typo_font_weight_mobile":"","ocean_menu_typo_transform":"","ocean_menu_typo_transform_tablet":"","ocean_menu_typo_transform_mobile":"","ocean_menu_typo_line_height":0,"ocean_menu_typo_line_height_tablet":0,"ocean_menu_typo_line_height_mobile":0,"ocean_menu_typo_line_height_unit":"","ocean_menu_typo_spacing":0,"ocean_menu_typo_spacing_tablet":0,"ocean_menu_typo_spacing_mobile":0,"ocean_menu_typo_spacing_unit":"","ocean_menu_link_color":"","ocean_menu_link_color_hover":"","ocean_menu_link_color_active":"","ocean_menu_link_background":"","ocean_menu_link_hover_background":"","ocean_menu_link_active_background":"","ocean_menu_social_links_bg":"","ocean_menu_social_hover_links_bg":"","ocean_menu_social_links_color":"","ocean_menu_social_hover_links_color":"","ocean_disable_title":"on","ocean_disable_heading":"default","ocean_post_title":"","ocean_post_subheading":"","ocean_post_title_style":"","ocean_post_title_background_color":"","ocean_post_title_background":0,"ocean_post_title_bg_image_position":"","ocean_post_title_bg_image_attachment":"","ocean_post_title_bg_image_repeat":"","ocean_post_title_bg_image_size":"","ocean_post_title_height":0,"ocean_post_title_bg_overlay":0.5,"ocean_post_title_bg_overlay_color":"","ocean_disable_breadcrumbs":"default","ocean_breadcrumbs_color":"","ocean_breadcrumbs_separator_color":"","ocean_breadcrumbs_links_color":"","ocean_breadcrumbs_links_hover_color":"","ocean_display_footer_widgets":"default","ocean_display_footer_bottom":"default","ocean_custom_footer_template":"0"},"yoast_head":"<!-- This site is optimized with the Yoast SEO plugin v16.9 - https:\/\/yoast.com\/wordpress\/plugins\/seo\/ -->\n<title>Privatumo politika - Universe Call<\/title>\n<meta name=\"robots\" content=\"index, follow, max-snippet:-1, max-image-preview:large, max-video-preview:-1\" \/>\n<link rel=\"canonical\" href=\"https:\/\/universecall.eu\/en\/privatumo-politika\/\" \/>\n<meta property=\"og:locale\" content=\"en_US\" \/>\n<meta property=\"og:type\" content=\"article\" \/>\n<meta property=\"og:title\" content=\"Privatumo politika - Universe Call\" \/>\n<meta property=\"og:description\" content=\"Privacy policy Introduction These Website Standard Terms And Conditions (these \u201cTerms\u201d or these \u201cWebsite Standard Terms And Conditions\u201d) contained herein on this webpage, shall govern your use of MB \u201eUniverse Call\u201c, including all pages within MB \u201eUniverse Call\u201c (collectively referred to herein below as this \u201cWebsite\u201d). These Terms apply in full force and effect to [&hellip;]\" \/>\n<meta property=\"og:url\" content=\"https:\/\/universecall.eu\/en\/privatumo-politika\/\" \/>\n<meta property=\"og:site_name\" content=\"Universe Call\" \/>\n<meta property=\"article:modified_time\" content=\"2021-04-27T05:57:43+00:00\" \/>\n<meta name=\"twitter:card\" content=\"summary_large_image\" \/>\n<meta name=\"twitter:label1\" content=\"Est. reading time\" \/>\n\t<meta name=\"twitter:data1\" content=\"5 minutes\" \/>\n<script type=\"application\/ld+json\" class=\"yoast-schema-graph\">{\"@context\":\"https:\/\/schema.org\",\"@graph\":[{\"@type\":\"WebSite\",\"@id\":\"https:\/\/universecall.eu\/#website\",\"url\":\"https:\/\/universecall.eu\/\",\"name\":\"Universe Call\",\"description\":\"Pasitik\\u0117k visata. Viskas vyksta d\\u0117l tav\\u0119s.\",\"potentialAction\":[{\"@type\":\"SearchAction\",\"target\":{\"@type\":\"EntryPoint\",\"urlTemplate\":\"https:\/\/universecall.eu\/?s={search_term_string}\"},\"query-input\":\"required name=search_term_string\"}],\"inLanguage\":\"en-US\"},{\"@type\":\"WebPage\",\"@id\":\"https:\/\/universecall.eu\/en\/privatumo-politika\/#webpage\",\"url\":\"https:\/\/universecall.eu\/en\/privatumo-politika\/\",\"name\":\"Privatumo politika - Universe Call\",\"isPartOf\":{\"@id\":\"https:\/\/universecall.eu\/#website\"},\"datePublished\":\"2021-03-26T09:53:55+00:00\",\"dateModified\":\"2021-04-27T05:57:43+00:00\",\"breadcrumb\":{\"@id\":\"https:\/\/universecall.eu\/en\/privatumo-politika\/#breadcrumb\"},\"inLanguage\":\"en-US\",\"potentialAction\":[{\"@type\":\"ReadAction\",\"target\":[\"https:\/\/universecall.eu\/en\/privatumo-politika\/\"]}]},{\"@type\":\"BreadcrumbList\",\"@id\":\"https:\/\/universecall.eu\/en\/privatumo-politika\/#breadcrumb\",\"itemListElement\":[{\"@type\":\"ListItem\",\"position\":1,\"name\":\"Home\",\"item\":\"https:\/\/universecall.eu\/en\/\"},{\"@type\":\"ListItem\",\"position\":2,\"name\":\"Privatumo politika\"}]}]}<\/script>\n<!-- \/ Yoast SEO plugin. -->","yoast_head_json":{"title":"Privatumo politika - Universe Call","robots":{"index":"index","follow":"follow","max-snippet":"max-snippet:-1","max-image-preview":"max-image-preview:large","max-video-preview":"max-video-preview:-1"},"canonical":"https:\/\/universecall.eu\/en\/privatumo-politika\/","og_locale":"en_US","og_type":"article","og_title":"Privatumo politika - Universe Call","og_description":"Privacy policy Introduction These Website Standard Terms And Conditions (these \u201cTerms\u201d or these \u201cWebsite Standard Terms And Conditions\u201d) contained herein on this webpage, shall govern your use of MB \u201eUniverse Call\u201c, including all pages within MB \u201eUniverse Call\u201c (collectively referred to herein below as this \u201cWebsite\u201d). These Terms apply in full force and effect to [&hellip;]","og_url":"https:\/\/universecall.eu\/en\/privatumo-politika\/","og_site_name":"Universe Call","article_modified_time":"2021-04-27T05:57:43+00:00","twitter_card":"summary_large_image","twitter_misc":{"Est. reading time":"5 minutes"},"schema":{"@context":"https:\/\/schema.org","@graph":[{"@type":"WebSite","@id":"https:\/\/universecall.eu\/#website","url":"https:\/\/universecall.eu\/","name":"Universe Call","description":"Pasitik\u0117k visata. Viskas vyksta d\u0117l tav\u0119s.","potentialAction":[{"@type":"SearchAction","target":{"@type":"EntryPoint","urlTemplate":"https:\/\/universecall.eu\/?s={search_term_string}"},"query-input":"required name=search_term_string"}],"inLanguage":"en-US"},{"@type":"WebPage","@id":"https:\/\/universecall.eu\/en\/privatumo-politika\/#webpage","url":"https:\/\/universecall.eu\/en\/privatumo-politika\/","name":"Privatumo politika - Universe Call","isPartOf":{"@id":"https:\/\/universecall.eu\/#website"},"datePublished":"2021-03-26T09:53:55+00:00","dateModified":"2021-04-27T05:57:43+00:00","breadcrumb":{"@id":"https:\/\/universecall.eu\/en\/privatumo-politika\/#breadcrumb"},"inLanguage":"en-US","potentialAction":[{"@type":"ReadAction","target":["https:\/\/universecall.eu\/en\/privatumo-politika\/"]}]},{"@type":"BreadcrumbList","@id":"https:\/\/universecall.eu\/en\/privatumo-politika\/#breadcrumb","itemListElement":[{"@type":"ListItem","position":1,"name":"Home","item":"https:\/\/universecall.eu\/en\/"},{"@type":"ListItem","position":2,"name":"Privatumo politika"}]}]}},"_links":{"self":[{"href":"https:\/\/universecall.eu\/en\/wp-json\/wp\/v2\/pages\/726"}],"collection":[{"href":"https:\/\/universecall.eu\/en\/wp-json\/wp\/v2\/pages"}],"about":[{"href":"https:\/\/universecall.eu\/en\/wp-json\/wp\/v2\/types\/page"}],"author":[{"embeddable":true,"href":"https:\/\/universecall.eu\/en\/wp-json\/wp\/v2\/users\/1"}],"replies":[{"embeddable":true,"href":"https:\/\/universecall.eu\/en\/wp-json\/wp\/v2\/comments?post=726"}],"version-history":[{"count":12,"href":"https:\/\/universecall.eu\/en\/wp-json\/wp\/v2\/pages\/726\/revisions"}],"predecessor-version":[{"id":1031,"href":"https:\/\/universecall.eu\/en\/wp-json\/wp\/v2\/pages\/726\/revisions\/1031"}],"wp:attachment":[{"href":"https:\/\/universecall.eu\/en\/wp-json\/wp\/v2\/media?parent=726"}],"curies":[{"name":"wp","href":"https:\/\/api.w.org\/{rel}","templated":true}]}}