{"id":698,"date":"2021-03-26T09:28:44","date_gmt":"2021-03-26T09:28:44","guid":{"rendered":"https:\/\/universecall.eu\/about-us\/"},"modified":"2021-09-07T10:38:48","modified_gmt":"2021-09-07T10:38:48","slug":"about-us","status":"publish","type":"page","link":"https:\/\/universecall.eu\/en\/about-us\/","title":{"rendered":"About us"},"content":{"rendered":"\t\t<div data-elementor-type=\"wp-page\" data-elementor-id=\"698\" class=\"elementor elementor-698 elementor-95\" data-elementor-settings=\"[]\">\n\t\t\t\t\t\t<div class=\"elementor-inner\">\n\t\t\t\t\t\t\t<div class=\"elementor-section-wrap\">\n\t\t\t\t\t\t\t<section class=\"elementor-section elementor-top-section elementor-element elementor-element-0ba4430 elementor-section-height-min-height elementor-section-boxed elementor-section-height-default elementor-section-items-middle\" data-id=\"0ba4430\" data-element_type=\"section\" data-settings=\"{&quot;background_background&quot;:&quot;classic&quot;}\">\n\t\t\t\t\t\t\t<div class=\"elementor-background-overlay\"><\/div>\n\t\t\t\t\t\t\t<div class=\"elementor-container elementor-column-gap-default\">\n\t\t\t\t\t\t\t<div class=\"elementor-row\">\n\t\t\t\t\t<div class=\"elementor-column elementor-col-100 elementor-top-column elementor-element elementor-element-04a2ac6\" data-id=\"04a2ac6\" data-element_type=\"column\">\n\t\t\t<div class=\"elementor-column-wrap elementor-element-populated\">\n\t\t\t\t\t\t\t<div class=\"elementor-widget-wrap\">\n\t\t\t\t\t\t<div class=\"elementor-element elementor-element-2ac5a44 elementor-widget elementor-widget-heading\" data-id=\"2ac5a44\" data-element_type=\"widget\" data-widget_type=\"heading.default\">\n\t\t\t\t<div class=\"elementor-widget-container\">\n\t\t\t<h2 class=\"elementor-heading-title elementor-size-default\">About us<\/h2>\t\t<\/div>\n\t\t\t\t<\/div>\n\t\t\t\t\t\t<\/div>\n\t\t\t\t\t<\/div>\n\t\t<\/div>\n\t\t\t\t\t\t\t\t<\/div>\n\t\t\t\t\t<\/div>\n\t\t<\/section>\n\t\t\t\t<section class=\"elementor-section elementor-top-section elementor-element elementor-element-e4a34d1 elementor-section-height-min-height elementor-section-boxed elementor-section-height-default elementor-section-items-middle\" data-id=\"e4a34d1\" data-element_type=\"section\" data-settings=\"{&quot;background_background&quot;:&quot;classic&quot;}\">\n\t\t\t\t\t\t\t<div class=\"elementor-background-overlay\"><\/div>\n\t\t\t\t\t\t\t<div class=\"elementor-container elementor-column-gap-default\">\n\t\t\t\t\t\t\t<div class=\"elementor-row\">\n\t\t\t\t\t<div class=\"elementor-column elementor-col-100 elementor-top-column elementor-element elementor-element-170f0e2\" data-id=\"170f0e2\" data-element_type=\"column\">\n\t\t\t<div class=\"elementor-column-wrap\">\n\t\t\t\t\t\t\t<div class=\"elementor-widget-wrap\">\n\t\t\t\t\t\t\t\t<\/div>\n\t\t\t\t\t<\/div>\n\t\t<\/div>\n\t\t\t\t\t\t\t\t<\/div>\n\t\t\t\t\t<\/div>\n\t\t<\/section>\n\t\t\t\t<section class=\"elementor-section elementor-top-section elementor-element elementor-element-1bd64d8 elementor-section-boxed elementor-section-height-default elementor-section-height-default\" data-id=\"1bd64d8\" data-element_type=\"section\">\n\t\t\t\t\t\t<div class=\"elementor-container elementor-column-gap-default\">\n\t\t\t\t\t\t\t<div class=\"elementor-row\">\n\t\t\t\t\t<div class=\"elementor-column elementor-col-100 elementor-top-column elementor-element elementor-element-e824f0c\" data-id=\"e824f0c\" data-element_type=\"column\">\n\t\t\t<div class=\"elementor-column-wrap elementor-element-populated\">\n\t\t\t\t\t\t\t<div class=\"elementor-widget-wrap\">\n\t\t\t\t\t\t<div class=\"elementor-element elementor-element-1c3de7c elementor-widget elementor-widget-image\" data-id=\"1c3de7c\" data-element_type=\"widget\" data-widget_type=\"image.default\">\n\t\t\t\t<div class=\"elementor-widget-container\">\n\t\t\t\t\t\t\t\t<div class=\"elementor-image\">\n\t\t\t\t\t\t\t\t\t\t\t\t<img width=\"1000\" height=\"1000\" src=\"https:\/\/universecall.eu\/wp-content\/uploads\/2021\/01\/Universe-Call_logo_Transparent_Dark.png\" class=\"attachment-large size-large\" alt=\"s\u0105moningumas ir dvasingumas\" loading=\"lazy\" srcset=\"https:\/\/universecall.eu\/wp-content\/uploads\/2021\/01\/Universe-Call_logo_Transparent_Dark.png 1000w, https:\/\/universecall.eu\/wp-content\/uploads\/2021\/01\/Universe-Call_logo_Transparent_Dark-300x300.png 300w, https:\/\/universecall.eu\/wp-content\/uploads\/2021\/01\/Universe-Call_logo_Transparent_Dark-100x100.png 100w, https:\/\/universecall.eu\/wp-content\/uploads\/2021\/01\/Universe-Call_logo_Transparent_Dark-600x600.png 600w, https:\/\/universecall.eu\/wp-content\/uploads\/2021\/01\/Universe-Call_logo_Transparent_Dark-150x150.png 150w, https:\/\/universecall.eu\/wp-content\/uploads\/2021\/01\/Universe-Call_logo_Transparent_Dark-768x768.png 768w\" sizes=\"(max-width: 1000px) 100vw, 1000px\" \/>\t\t\t\t\t\t\t\t\t\t\t\t\t\t<\/div>\n\t\t\t\t\t\t<\/div>\n\t\t\t\t<\/div>\n\t\t\t\t<section class=\"elementor-section elementor-inner-section elementor-element elementor-element-7c0f274 elementor-section-boxed elementor-section-height-default elementor-section-height-default\" data-id=\"7c0f274\" data-element_type=\"section\">\n\t\t\t\t\t\t<div class=\"elementor-container elementor-column-gap-default\">\n\t\t\t\t\t\t\t<div class=\"elementor-row\">\n\t\t\t\t\t<div class=\"elementor-column elementor-col-50 elementor-inner-column elementor-element elementor-element-0c36967\" data-id=\"0c36967\" data-element_type=\"column\">\n\t\t\t<div class=\"elementor-column-wrap elementor-element-populated\">\n\t\t\t\t\t\t\t<div class=\"elementor-widget-wrap\">\n\t\t\t\t\t\t<div class=\"elementor-element elementor-element-60bf233 elementor-widget elementor-widget-heading\" data-id=\"60bf233\" data-element_type=\"widget\" data-widget_type=\"heading.default\">\n\t\t\t\t<div class=\"elementor-widget-container\">\n\t\t\t<h2 class=\"elementor-heading-title elementor-size-default\">What is the best way to assist a million people? <\/h2>\t\t<\/div>\n\t\t\t\t<\/div>\n\t\t\t\t<div class=\"elementor-element elementor-element-7c421b2 elementor-widget elementor-widget-heading\" data-id=\"7c421b2\" data-element_type=\"widget\" data-widget_type=\"heading.default\">\n\t\t\t\t<div class=\"elementor-widget-container\">\n\t\t\t<h2 class=\"elementor-heading-title elementor-size-default\">And how about a billion?\n<\/h2>\t\t<\/div>\n\t\t\t\t<\/div>\n\t\t\t\t<div class=\"elementor-element elementor-element-02fa35a elementor-widget elementor-widget-text-editor\" data-id=\"02fa35a\" data-element_type=\"widget\" data-widget_type=\"text-editor.default\">\n\t\t\t\t<div class=\"elementor-widget-container\">\n\t\t\t\t\t\t\t\t<div class=\"elementor-text-editor elementor-clearfix\">\n\t\t\t\t\t<p class=\"p1\"><span class=\"s1\">Because our lives are so fast-paced and we are all so caught up in our daily routines, we are drifting away from ourselves, from our true selves. And we frequently fail to recognize ourselves. You need to pause a little and look back at yourself, look at your inner world: who am I? What is the purpose of my life? Where am I going? What\u2019s the point of doing everything I do? Am I happy? I can&#8217;t give happiness to anyone else if I&#8217;m unhappy and don&#8217;t have any in myself. . And as we begin to ask ourselves these questions, the soul gradually awakens.<span class=\"Apple-converted-space\"> <\/span><\/span><\/p>\n\t\t\t\t\t<\/div>\n\t\t\t\t\t\t<\/div>\n\t\t\t\t<\/div>\n\t\t\t\t\t\t<\/div>\n\t\t\t\t\t<\/div>\n\t\t<\/div>\n\t\t\t\t<div class=\"elementor-column elementor-col-50 elementor-inner-column elementor-element elementor-element-4921d13\" data-id=\"4921d13\" data-element_type=\"column\">\n\t\t\t<div class=\"elementor-column-wrap elementor-element-populated\">\n\t\t\t\t\t\t\t<div class=\"elementor-widget-wrap\">\n\t\t\t\t\t\t<div class=\"elementor-element elementor-element-456e23b elementor-widget elementor-widget-heading\" data-id=\"456e23b\" data-element_type=\"widget\" data-widget_type=\"heading.default\">\n\t\t\t\t<div class=\"elementor-widget-container\">\n\t\t\t<h2 class=\"elementor-heading-title elementor-size-default\">We've started looking for answers to these questions ourselves, and we'd like to<\/h2>\t\t<\/div>\n\t\t\t\t<\/div>\n\t\t\t\t<div class=\"elementor-element elementor-element-c7cc070 elementor-widget elementor-widget-text-editor\" data-id=\"c7cc070\" data-element_type=\"widget\" data-widget_type=\"text-editor.default\">\n\t\t\t\t<div class=\"elementor-widget-container\">\n\t\t\t\t\t\t\t\t<div class=\"elementor-text-editor elementor-clearfix\">\n\t\t\t\t\t<p class=\"p1\"><span class=\"s1\">share what we&#8217;ve found with others so that everyone can walk the path of self and universe together. Every week, you will receive a call that will cause you to think deeper and wider, and will serve as a jumping-off point for further research.<span class=\"Apple-converted-space\"> <\/span><\/span><\/p>\n<p class=\"p1\"><span class=\"s1\">Universe Call was created specifically for this purpose.<span class=\"Apple-converted-space\"> <\/span><\/span><\/p>\n<p class=\"p1\"><span class=\"s1\">The message is not for the general public because you will become different, happier, with a smile on your face, more inner peace, and a desire to help others, making the world a more pleasant place for everyone. We hope to help more than 1,000,000 people!<span class=\"Apple-converted-space\"> <\/span><\/span><\/p>\n\t\t\t\t\t<\/div>\n\t\t\t\t\t\t<\/div>\n\t\t\t\t<\/div>\n\t\t\t\t\t\t<\/div>\n\t\t\t\t\t<\/div>\n\t\t<\/div>\n\t\t\t\t\t\t\t\t<\/div>\n\t\t\t\t\t<\/div>\n\t\t<\/section>\n\t\t\t\t\t\t<\/div>\n\t\t\t\t\t<\/div>\n\t\t<\/div>\n\t\t\t\t\t\t\t\t<\/div>\n\t\t\t\t\t<\/div>\n\t\t<\/section>\n\t\t\t\t\t\t<\/div>\n\t\t\t\t\t\t<\/div>\n\t\t\t\t\t<\/div>\n\t\t","protected":false},"excerpt":{"rendered":"<p>About us What is the best way to assist a million people? And how about a billion? Because our lives are so fast-paced and we are all so caught up in our daily routines, we are drifting away from ourselves, from our true selves. And we frequently fail to recognize ourselves. You need to pause [&hellip;]<\/p>\n","protected":false},"author":1,"featured_media":1093,"parent":0,"menu_order":0,"comment_status":"closed","ping_status":"closed","template":"elementor_header_footer","meta":{"ocean_post_layout":"","ocean_both_sidebars_style":"","ocean_both_sidebars_content_width":0,"ocean_both_sidebars_sidebars_width":0,"ocean_sidebar":"0","ocean_second_sidebar":"0","ocean_disable_margins":"enable","ocean_add_body_class":"","ocean_shortcode_before_top_bar":"","ocean_shortcode_after_top_bar":"","ocean_shortcode_before_header":"","ocean_shortcode_after_header":"","ocean_has_shortcode":"","ocean_shortcode_after_title":"","ocean_shortcode_before_footer_widgets":"","ocean_shortcode_after_footer_widgets":"","ocean_shortcode_before_footer_bottom":"","ocean_shortcode_after_footer_bottom":"","ocean_display_top_bar":"default","ocean_display_header":"default","ocean_header_style":"","ocean_center_header_left_menu":"0","ocean_custom_header_template":"0","ocean_custom_logo":0,"ocean_custom_retina_logo":0,"ocean_custom_logo_max_width":0,"ocean_custom_logo_tablet_max_width":0,"ocean_custom_logo_mobile_max_width":0,"ocean_custom_logo_max_height":0,"ocean_custom_logo_tablet_max_height":0,"ocean_custom_logo_mobile_max_height":0,"ocean_header_custom_menu":"0","ocean_menu_typo_font_family":"0","ocean_menu_typo_font_subset":"","ocean_menu_typo_font_size":0,"ocean_menu_typo_font_size_tablet":0,"ocean_menu_typo_font_size_mobile":0,"ocean_menu_typo_font_size_unit":"px","ocean_menu_typo_font_weight":"","ocean_menu_typo_font_weight_tablet":"","ocean_menu_typo_font_weight_mobile":"","ocean_menu_typo_transform":"","ocean_menu_typo_transform_tablet":"","ocean_menu_typo_transform_mobile":"","ocean_menu_typo_line_height":0,"ocean_menu_typo_line_height_tablet":0,"ocean_menu_typo_line_height_mobile":0,"ocean_menu_typo_line_height_unit":"","ocean_menu_typo_spacing":0,"ocean_menu_typo_spacing_tablet":0,"ocean_menu_typo_spacing_mobile":0,"ocean_menu_typo_spacing_unit":"","ocean_menu_link_color":"","ocean_menu_link_color_hover":"","ocean_menu_link_color_active":"","ocean_menu_link_background":"","ocean_menu_link_hover_background":"","ocean_menu_link_active_background":"","ocean_menu_social_links_bg":"","ocean_menu_social_hover_links_bg":"","ocean_menu_social_links_color":"","ocean_menu_social_hover_links_color":"","ocean_disable_title":"on","ocean_disable_heading":"default","ocean_post_title":"","ocean_post_subheading":"","ocean_post_title_style":"","ocean_post_title_background_color":"","ocean_post_title_background":0,"ocean_post_title_bg_image_position":"","ocean_post_title_bg_image_attachment":"","ocean_post_title_bg_image_repeat":"","ocean_post_title_bg_image_size":"","ocean_post_title_height":0,"ocean_post_title_bg_overlay":0.5,"ocean_post_title_bg_overlay_color":"","ocean_disable_breadcrumbs":"default","ocean_breadcrumbs_color":"","ocean_breadcrumbs_separator_color":"","ocean_breadcrumbs_links_color":"","ocean_breadcrumbs_links_hover_color":"","ocean_display_footer_widgets":"default","ocean_display_footer_bottom":"default","ocean_custom_footer_template":"0"},"yoast_head":"<!-- This site is optimized with the Yoast SEO plugin v16.9 - https:\/\/yoast.com\/wordpress\/plugins\/seo\/ -->\n<title>About us - Universe Call<\/title>\n<meta name=\"robots\" content=\"index, follow, max-snippet:-1, max-image-preview:large, max-video-preview:-1\" \/>\n<link rel=\"canonical\" href=\"https:\/\/universecall.eu\/en\/pradinis-2\/\" \/>\n<meta property=\"og:locale\" content=\"en_US\" \/>\n<meta property=\"og:type\" content=\"article\" \/>\n<meta property=\"og:title\" content=\"About us - Universe Call\" \/>\n<meta property=\"og:description\" content=\"About us What is the best way to assist a million people? And how about a billion? Because our lives are so fast-paced and we are all so caught up in our daily routines, we are drifting away from ourselves, from our true selves. And we frequently fail to recognize ourselves. You need to pause [&hellip;]\" \/>\n<meta property=\"og:url\" content=\"https:\/\/universecall.eu\/pradinis-2\/\" \/>\n<meta property=\"og:site_name\" content=\"Universe Call\" \/>\n<meta property=\"article:modified_time\" content=\"2021-09-07T10:38:48+00:00\" \/>\n<meta property=\"og:image\" content=\"https:\/\/universecall.eu\/wp-content\/uploads\/2021\/02\/1-2-scaled.jpeg\" \/>\n\t<meta property=\"og:image:width\" content=\"2560\" \/>\n\t<meta property=\"og:image:height\" content=\"1707\" \/>\n<meta name=\"twitter:card\" content=\"summary_large_image\" \/>\n<meta name=\"twitter:label1\" content=\"Est. reading time\" \/>\n\t<meta name=\"twitter:data1\" content=\"2 minutes\" \/>\n<script type=\"application\/ld+json\" class=\"yoast-schema-graph\">{\"@context\":\"https:\/\/schema.org\",\"@graph\":[{\"@type\":\"WebSite\",\"@id\":\"https:\/\/universecall.eu\/#website\",\"url\":\"https:\/\/universecall.eu\/\",\"name\":\"Universe Call\",\"description\":\"Pasitik\\u0117k visata. Viskas vyksta d\\u0117l tav\\u0119s.\",\"potentialAction\":[{\"@type\":\"SearchAction\",\"target\":{\"@type\":\"EntryPoint\",\"urlTemplate\":\"https:\/\/universecall.eu\/?s={search_term_string}\"},\"query-input\":\"required name=search_term_string\"}],\"inLanguage\":\"en-US\"},{\"@type\":\"ImageObject\",\"@id\":\"https:\/\/universecall.eu\/pradinis-2\/#primaryimage\",\"inLanguage\":\"en-US\",\"url\":\"https:\/\/universecall.eu\/wp-content\/uploads\/2021\/02\/1-2-scaled.jpeg\",\"contentUrl\":\"https:\/\/universecall.eu\/wp-content\/uploads\/2021\/02\/1-2-scaled.jpeg\",\"width\":2560,\"height\":1707,\"caption\":\"s\\u0105moningumas ir dvasingumas\"},{\"@type\":\"WebPage\",\"@id\":\"https:\/\/universecall.eu\/pradinis-2\/#webpage\",\"url\":\"https:\/\/universecall.eu\/pradinis-2\/\",\"name\":\"About us - Universe Call\",\"isPartOf\":{\"@id\":\"https:\/\/universecall.eu\/#website\"},\"primaryImageOfPage\":{\"@id\":\"https:\/\/universecall.eu\/pradinis-2\/#primaryimage\"},\"datePublished\":\"2021-03-26T09:28:44+00:00\",\"dateModified\":\"2021-09-07T10:38:48+00:00\",\"breadcrumb\":{\"@id\":\"https:\/\/universecall.eu\/pradinis-2\/#breadcrumb\"},\"inLanguage\":\"en-US\",\"potentialAction\":[{\"@type\":\"ReadAction\",\"target\":[\"https:\/\/universecall.eu\/pradinis-2\/\"]}]},{\"@type\":\"BreadcrumbList\",\"@id\":\"https:\/\/universecall.eu\/pradinis-2\/#breadcrumb\",\"itemListElement\":[{\"@type\":\"ListItem\",\"position\":1,\"name\":\"Home\",\"item\":\"https:\/\/universecall.eu\/en\/\"},{\"@type\":\"ListItem\",\"position\":2,\"name\":\"About us\"}]}]}<\/script>\n<!-- \/ Yoast SEO plugin. -->","yoast_head_json":{"title":"About us - Universe Call","robots":{"index":"index","follow":"follow","max-snippet":"max-snippet:-1","max-image-preview":"max-image-preview:large","max-video-preview":"max-video-preview:-1"},"canonical":"https:\/\/universecall.eu\/en\/pradinis-2\/","og_locale":"en_US","og_type":"article","og_title":"About us - Universe Call","og_description":"About us What is the best way to assist a million people? And how about a billion? Because our lives are so fast-paced and we are all so caught up in our daily routines, we are drifting away from ourselves, from our true selves. And we frequently fail to recognize ourselves. You need to pause [&hellip;]","og_url":"https:\/\/universecall.eu\/pradinis-2\/","og_site_name":"Universe Call","article_modified_time":"2021-09-07T10:38:48+00:00","og_image":[{"width":2560,"height":1707,"url":"https:\/\/universecall.eu\/wp-content\/uploads\/2021\/02\/1-2-scaled.jpeg","path":"\/home\/olxhnsem\/public_html\/wp-content\/uploads\/2021\/02\/1-2-scaled.jpeg","size":"full","id":1093,"alt":"s\u0105moningumas ir dvasingumas","pixels":4369920,"type":"image\/jpeg"}],"twitter_card":"summary_large_image","twitter_misc":{"Est. reading time":"2 minutes"},"schema":{"@context":"https:\/\/schema.org","@graph":[{"@type":"WebSite","@id":"https:\/\/universecall.eu\/#website","url":"https:\/\/universecall.eu\/","name":"Universe Call","description":"Pasitik\u0117k visata. Viskas vyksta d\u0117l tav\u0119s.","potentialAction":[{"@type":"SearchAction","target":{"@type":"EntryPoint","urlTemplate":"https:\/\/universecall.eu\/?s={search_term_string}"},"query-input":"required name=search_term_string"}],"inLanguage":"en-US"},{"@type":"ImageObject","@id":"https:\/\/universecall.eu\/pradinis-2\/#primaryimage","inLanguage":"en-US","url":"https:\/\/universecall.eu\/wp-content\/uploads\/2021\/02\/1-2-scaled.jpeg","contentUrl":"https:\/\/universecall.eu\/wp-content\/uploads\/2021\/02\/1-2-scaled.jpeg","width":2560,"height":1707,"caption":"s\u0105moningumas ir dvasingumas"},{"@type":"WebPage","@id":"https:\/\/universecall.eu\/pradinis-2\/#webpage","url":"https:\/\/universecall.eu\/pradinis-2\/","name":"About us - Universe Call","isPartOf":{"@id":"https:\/\/universecall.eu\/#website"},"primaryImageOfPage":{"@id":"https:\/\/universecall.eu\/pradinis-2\/#primaryimage"},"datePublished":"2021-03-26T09:28:44+00:00","dateModified":"2021-09-07T10:38:48+00:00","breadcrumb":{"@id":"https:\/\/universecall.eu\/pradinis-2\/#breadcrumb"},"inLanguage":"en-US","potentialAction":[{"@type":"ReadAction","target":["https:\/\/universecall.eu\/pradinis-2\/"]}]},{"@type":"BreadcrumbList","@id":"https:\/\/universecall.eu\/pradinis-2\/#breadcrumb","itemListElement":[{"@type":"ListItem","position":1,"name":"Home","item":"https:\/\/universecall.eu\/en\/"},{"@type":"ListItem","position":2,"name":"About us"}]}]}},"_links":{"self":[{"href":"https:\/\/universecall.eu\/en\/wp-json\/wp\/v2\/pages\/698"}],"collection":[{"href":"https:\/\/universecall.eu\/en\/wp-json\/wp\/v2\/pages"}],"about":[{"href":"https:\/\/universecall.eu\/en\/wp-json\/wp\/v2\/types\/page"}],"author":[{"embeddable":true,"href":"https:\/\/universecall.eu\/en\/wp-json\/wp\/v2\/users\/1"}],"replies":[{"embeddable":true,"href":"https:\/\/universecall.eu\/en\/wp-json\/wp\/v2\/comments?post=698"}],"version-history":[{"count":11,"href":"https:\/\/universecall.eu\/en\/wp-json\/wp\/v2\/pages\/698\/revisions"}],"predecessor-version":[{"id":1170,"href":"https:\/\/universecall.eu\/en\/wp-json\/wp\/v2\/pages\/698\/revisions\/1170"}],"wp:featuredmedia":[{"embeddable":true,"href":"https:\/\/universecall.eu\/en\/wp-json\/wp\/v2\/media\/1093"}],"wp:attachment":[{"href":"https:\/\/universecall.eu\/en\/wp-json\/wp\/v2\/media?parent=698"}],"curies":[{"name":"wp","href":"https:\/\/api.w.org\/{rel}","templated":true}]}}